{"id":63,"date":"2013-12-31T18:33:22","date_gmt":"2013-12-31T17:33:22","guid":{"rendered":"http:\/\/www.ib-schiller.de\/?page_id=63"},"modified":"2014-02-07T21:25:56","modified_gmt":"2014-02-07T20:25:56","slug":"leistungen","status":"publish","type":"page","link":"https:\/\/schiller-engineering.com\/?page_id=63","title":{"rendered":"Leistungen"},"content":{"rendered":"<div><span class=\"Apple-style-span\" style=\"line-height: 24px;\">\u00a0<\/span><\/div>\n<table border=\"1\" cellspacing=\"0\" cellpadding=\"0\">\n<tbody>\n<tr>\n<td valign=\"top\" width=\"161\">Energie- und Klimakonzepte<\/td>\n<td valign=\"top\" width=\"299\">\n<ul>\n<li>Optimierung von Neubauprojekten durch dynamische Geb\u00e4udesimulation<\/li>\n<li>Analyse von Bestandsgeb\u00e4ude und Erarbeitung von technischen und bauphysikalischen Sanierungskonzepten<\/li>\n<li>Passivhaus-Projektierung<\/li>\n<li>Messtechnische Untersuchungen, Verbrauchsanalysen<\/li>\n<\/ul>\n<\/td>\n<\/tr>\n<tr>\n<td valign=\"top\" width=\"161\">Gutachten<\/td>\n<td valign=\"top\" width=\"299\">\n<ul>\n<li>Messtechnische und rechnerische Untersuchungen zum Thema Thermische Behaglichkeit<\/li>\n<li><span class=\"Apple-style-span\" style=\"color: #757575; font-family: Verdana, Arial, Helvetica, sans-serif; font-size: 12px; line-height: 24px;\">Gutachten zu energiewirtschaftlichen Fragestellungen wie Energiesteuergesetz, Emissionshandel\u00a0<\/span><\/li>\n<\/ul>\n<\/td>\n<\/tr>\n<tr>\n<td valign=\"top\" width=\"161\">Technisches Controlling<\/td>\n<td valign=\"top\" width=\"299\">\n<ul>\n<li>Technische Beratung von Bauvorhaben (z. B. PPP-Projekte, Contracting-Projekte)<\/li>\n<li><span class=\"Apple-style-span\" style=\"color: #757575; font-family: Verdana, Arial, Helvetica, sans-serif; font-size: 12px; line-height: 24px;\">Inbetriebnahmemanagement nach DGNB-Standard<\/span><\/li>\n<li>Betriebsanalysen in bestehenden Geb\u00e4uden, Effizienznachweise<\/li>\n<\/ul>\n<\/td>\n<\/tr>\n<tr>\n<td valign=\"top\" width=\"161\">Bauphysikalische Nachweise<\/td>\n<td valign=\"top\" width=\"299\">\n<ul>\n<li>\u00d6ffentlich-rechtliche Nachweise gem\u00e4\u00df Energie-Einsparverordnung, EEW\u00e4rmeG<\/li>\n<li>Bestandsaufnahmenzur Bestimmung der energetischen Geb\u00e4udequalit\u00e4t<\/li>\n<li>Energieausweise nach EnEV<\/li>\n<li>W\u00e4rmebr\u00fcckenberechnungen mittels Finite-Elemente-Methode (2D und 3D)<\/li>\n<\/ul>\n<\/td>\n<\/tr>\n<tr>\n<td valign=\"top\" width=\"161\"><a href=\"https:\/\/www.schiller-engineering.com\/?page_id=154 \">Energetische Inspektion von Klimaanlagen<\/a><\/td>\n<td valign=\"top\" width=\"299\">\n<ul>\n<li>Inspektionen gem\u00e4\u00df \u00a712 EnEV<\/li>\n<li>Forschungsprojekte zum Thema \u201eEnergetische Inspektion\u201c<\/li>\n<\/ul>\n<\/td>\n<\/tr>\n<tr>\n<td valign=\"top\" width=\"161\">Forschungsprojekte<\/td>\n<td valign=\"top\" width=\"299\">\n<ul>\n<li>Gutachten \/ Forschungsprojekte im Zusammenhang mit der Weiterentwicklung der EnEV<\/li>\n<li>Forschungsprojekte zur Methodik der energetischen Inspektion von Klimaanlagen<\/li>\n<li>Wissenschaftliche Begleitung von Demonstrationsprojekten des BMf\u00fcr Wirtschaft und Energie(EnSan)<\/li>\n<\/ul>\n<\/td>\n<\/tr>\n<tr>\n<td valign=\"top\" width=\"161\">Softwareentwicklung<\/td>\n<td valign=\"top\" width=\"299\">\n<ul>\n<li>Simulation von Klimaprozessen SIMHX<\/li>\n<li>Weiterentwicklung der DIN V 18599 Teil 3 und 7 f\u00fcr internationale Wetterdaten (Stundenschrittverfahren) und Sonderanwendungen<\/li>\n<li>Modellentwicklung f\u00fcr spezielle Fragestellungen der Geb\u00e4ude- und Anlagensimulation<\/li>\n<\/ul>\n<\/td>\n<\/tr>\n<\/tbody>\n<\/table>\n","protected":false},"excerpt":{"rendered":"<p>\u00a0 Energie- und Klimakonzepte Optimierung von Neubauprojekten durch dynamische Geb\u00e4udesimulation Analyse von Bestandsgeb\u00e4ude und Erarbeitung von technischen und bauphysikalischen Sanierungskonzepten Passivhaus-Projektierung Messtechnische Untersuchungen, Verbrauchsanalysen Gutachten Messtechnische und rechnerische Untersuchungen zum Thema Thermische Behaglichkeit Gutachten zu energiewirtschaftlichen Fragestellungen wie Energiesteuergesetz, Emissionshandel\u00a0 Technisches Controlling Technische Beratung von Bauvorhaben (z. B. PPP-Projekte, Contracting-Projekte) Inbetriebnahmemanagement nach DGNB-Standard Betriebsanalysen in [&hellip;]<\/p>\n","protected":false},"author":1,"featured_media":0,"parent":0,"menu_order":0,"comment_status":"closed","ping_status":"closed","template":"page-templates\/front-page.php","meta":{"footnotes":""},"class_list":["post-63","page","type-page","status-publish","hentry"],"_links":{"self":[{"href":"https:\/\/schiller-engineering.com\/index.php?rest_route=\/wp\/v2\/pages\/63","targetHints":{"allow":["GET"]}}],"collection":[{"href":"https:\/\/schiller-engineering.com\/index.php?rest_route=\/wp\/v2\/pages"}],"about":[{"href":"https:\/\/schiller-engineering.com\/index.php?rest_route=\/wp\/v2\/types\/page"}],"author":[{"embeddable":true,"href":"https:\/\/schiller-engineering.com\/index.php?rest_route=\/wp\/v2\/users\/1"}],"replies":[{"embeddable":true,"href":"https:\/\/schiller-engineering.com\/index.php?rest_route=%2Fwp%2Fv2%2Fcomments&post=63"}],"version-history":[{"count":10,"href":"https:\/\/schiller-engineering.com\/index.php?rest_route=\/wp\/v2\/pages\/63\/revisions"}],"predecessor-version":[{"id":162,"href":"https:\/\/schiller-engineering.com\/index.php?rest_route=\/wp\/v2\/pages\/63\/revisions\/162"}],"wp:attachment":[{"href":"https:\/\/schiller-engineering.com\/index.php?rest_route=%2Fwp%2Fv2%2Fmedia&parent=63"}],"curies":[{"name":"wp","href":"https:\/\/api.w.org\/{rel}","templated":true}]}}