{"id":6,"date":"2013-12-30T18:46:17","date_gmt":"2013-12-30T17:46:17","guid":{"rendered":"http:\/\/ib-schiller.de\/?page_id=6"},"modified":"2014-02-22T09:22:20","modified_gmt":"2014-02-22T08:22:20","slug":"buero","status":"publish","type":"page","link":"https:\/\/schiller-engineering.com\/?page_id=6","title":{"rendered":"Dipl.-Ing. Heiko Schiller"},"content":{"rendered":"<table border=\"1\" cellspacing=\"0\" cellpadding=\"0\">\n<tbody>\n<tr>\n<td style=\"width: 35%;\" valign=\"top\">1990 \u2013 1998<\/td>\n<td valign=\"top\" width=\"299\"><span class=\"Apple-style-span\" style=\"line-height: 20px;\">T\u00e4tigkeit im Zentralbereich Ingenieurtechnik des Unternehmens ROM (heute IMTECH)\u00a0<\/span><span class=\"Apple-style-span\" style=\"line-height: 20px;\">als Leiter des klimatechnischen Labors<\/span><\/td>\n<\/tr>\n<tr>\n<td valign=\"top\" width=\"161\">1998 \u2013 2000<\/td>\n<td valign=\"top\" width=\"299\"><span class=\"Apple-style-span\" style=\"line-height: 20px;\">Region Nord des Unternehmen ROM (heute IMTECH)\u00a0<\/span><span class=\"Apple-style-span\" style=\"line-height: 20px;\"><br \/>\nals Leiter Projektierung<\/span><\/td>\n<\/tr>\n<tr>\n<td valign=\"top\" width=\"161\">2000<\/td>\n<td valign=\"top\" width=\"299\">Gr\u00fcndung von schiller engineering<\/td>\n<\/tr>\n<tr>\n<td valign=\"top\" width=\"161\">Seit 2000<\/td>\n<td valign=\"top\" width=\"299\">Lehrauftr\u00e4ge an der Hochschule Bremerhaven: &#8222;Energetische Optimierung von Geb\u00e4uden&#8220;<\/td>\n<\/tr>\n<tr>\n<td valign=\"top\" width=\"161\">Mitgliedschaften<\/td>\n<td valign=\"top\" width=\"299\">Verein Deutscher Ingenieure (VDI)<br \/>\nFachverband Geb\u00e4udeklima (FGK)<br \/>\nBundespr\u00fcfstelle Technische Geb\u00e4udeausr\u00fcstung<\/p>\n<p>Normungs- und Richtlinienaussch\u00fcsse:<\/p>\n<ul>\n<li>VDI 2067\u00a0&#8222;Wirtschaftlichkeit geb\u00e4udetechnischer Anlagen &#8211; Energieaufwand der Nutzen\u00fcbergabe Raumlufttechnik&#8220;<\/li>\n<li>CEN TC 156\u00a0WG 7 &#8222;Ventilation for buildings \u2014 Calculation of room temperatures and of load and energy for buildings with room conditioning systems&#8220;<\/li>\n<li>DIN V 18599 &#8222;Energetische Bewertung von Geb\u00e4uden &#8211; Berechnung des Nutz-, End- und Prim\u00e4renergiebedarfs f\u00fcr Heizung, K\u00fchlung, L\u00fcftung, Trinkwarmwasser und Beleuchtung &#8211; Gesamtausschuss&#8220;<\/li>\n<\/ul>\n<\/td>\n<\/tr>\n<\/tbody>\n<\/table>\n","protected":false},"excerpt":{"rendered":"<p>1990 \u2013 1998 T\u00e4tigkeit im Zentralbereich Ingenieurtechnik des Unternehmens ROM (heute IMTECH)\u00a0als Leiter des klimatechnischen Labors 1998 \u2013 2000 Region Nord des Unternehmen ROM (heute IMTECH)\u00a0 als Leiter Projektierung 2000 Gr\u00fcndung von schiller engineering Seit 2000 Lehrauftr\u00e4ge an der Hochschule Bremerhaven: &#8222;Energetische Optimierung von Geb\u00e4uden&#8220; Mitgliedschaften Verein Deutscher Ingenieure (VDI) Fachverband Geb\u00e4udeklima (FGK) Bundespr\u00fcfstelle Technische [&hellip;]<\/p>\n","protected":false},"author":1,"featured_media":0,"parent":0,"menu_order":0,"comment_status":"open","ping_status":"closed","template":"page-templates\/front-page.php","meta":{"footnotes":""},"class_list":["post-6","page","type-page","status-publish","hentry"],"_links":{"self":[{"href":"https:\/\/schiller-engineering.com\/index.php?rest_route=\/wp\/v2\/pages\/6","targetHints":{"allow":["GET"]}}],"collection":[{"href":"https:\/\/schiller-engineering.com\/index.php?rest_route=\/wp\/v2\/pages"}],"about":[{"href":"https:\/\/schiller-engineering.com\/index.php?rest_route=\/wp\/v2\/types\/page"}],"author":[{"embeddable":true,"href":"https:\/\/schiller-engineering.com\/index.php?rest_route=\/wp\/v2\/users\/1"}],"replies":[{"embeddable":true,"href":"https:\/\/schiller-engineering.com\/index.php?rest_route=%2Fwp%2Fv2%2Fcomments&post=6"}],"version-history":[{"count":28,"href":"https:\/\/schiller-engineering.com\/index.php?rest_route=\/wp\/v2\/pages\/6\/revisions"}],"predecessor-version":[{"id":176,"href":"https:\/\/schiller-engineering.com\/index.php?rest_route=\/wp\/v2\/pages\/6\/revisions\/176"}],"wp:attachment":[{"href":"https:\/\/schiller-engineering.com\/index.php?rest_route=%2Fwp%2Fv2%2Fmedia&parent=6"}],"curies":[{"name":"wp","href":"https:\/\/api.w.org\/{rel}","templated":true}]}}