{"id":59,"date":"2013-12-31T18:33:05","date_gmt":"2013-12-31T17:33:05","guid":{"rendered":"http:\/\/www.ib-schiller.de\/?page_id=59"},"modified":"2018-12-01T10:53:15","modified_gmt":"2018-12-01T09:53:15","slug":"projekte","status":"publish","type":"page","link":"https:\/\/schiller-engineering.com\/?page_id=59","title":{"rendered":"Projekte"},"content":{"rendered":"<table border=\"1\" cellspacing=\"0\" cellpadding=\"0\">\n<tbody>\n<tr>\n<td valign=\"top\" width=\"161\">Neubauten<\/td>\n<td valign=\"top\" width=\"299\"><\/td>\n<\/tr>\n<tr>\n<td valign=\"top\" width=\"161\">Energetische Sanierungen<\/td>\n<td valign=\"top\" width=\"299\"><\/td>\n<\/tr>\n<tr>\n<td valign=\"top\" width=\"161\">Forschungsprojekte<\/td>\n<td valign=\"top\" width=\"299\">\n<ul>\n<li>Projekt GOSUB: \u201eEnergetische Gesamtoptimierung der Staats- und Universit\u00e4tsbibliothek Bremen\u201c ENSAN-Projekt des BMWA; Teilkonzept 3: Demonstrationsprojekte, Machbarkeitsstudie und wissenschaftliche Projektbegleitung<\/li>\n<li>Projekt LABSAN: \u201eEnergetische Sanierung des Laborgeb\u00e4udes Phytosph\u00e4re im Forschungs-zentrum J\u00fclich\u201c ENSAN-Projekt des BMWA; Teilkonzept 3: Demonstrationsprojekte; Machbarkeitsstudie und wissenschaftliche Projektbegleitung<\/li>\n<li>Projekt SANIREV 2: \u201eEnergetische Bewertung von Geb\u00e4uden mit raumlufttechnischen Anlagen\u201c &#8211; Entwicklung eines vereinfachten Nachweisverfahren f\u00fcr den Energiebedarf raumlufttechnischer Anlagen als Grundlage f\u00fcr die DIN V 18599 Teil 3<\/li>\n<li>\u201eInspektionen an Klimaanlagen\u201c: Studie f\u00fcr das Bundesamt f\u00fcr Bauwesen und Raumordnung zur Umsetzung der EU-Richtlinie \u00fcber die Energieeffizienz von Geb\u00e4uden<\/li>\n<li>IEA-ECBCS Annex 46: Holistic Assessment Tool-kit on Energy Efficient Retrofit Measures for Government Buildings (EnERGo)<\/li>\n<li>\u201eBeurteilung energetischer Anforderungen an Nichtwohngeb\u00e4ude in Zusammenhang mit der Fortschreibung der EnEV 2009\u201c; Studie f\u00fcr das Bundesamt f\u00fcr Bauwesen und Raumordnung im Rahmen von ZukunftBau in Zusammenarbeit mit dem IB Prof. Hauser und dem Fraunhofer-Institut f\u00fcr Bauphysik<\/li>\n<li>\u201eEvaluierung und Weiterentwicklung der anlagentechnischen Einzelanforderungen in der Energieeinsparverordnung (\u00a7\u00a713 \u2013 15 EnEV 2007)\u201c; Studie f\u00fcr das Bundesamt f\u00fcr Bauwesen und Raumordnung im Rahmen von ZukunftBau in Zusammenarbeit mit dem IB Wiedenhoff<\/li>\n<li>Gutachten zur Beurteilung energetischer Anforderungen f\u00fcr den Neubau und die Sanierung \u00f6ffentlicher Geb\u00e4ude der Freien und Hansestadt Hamburg FHH in Zusammenarbeit mit dem IB Prof. Hauser f\u00fcr die BSU Hamburg<\/li>\n<li>\u201eUntersuchung zur weiteren Versch\u00e4rfung der energetischen Anforderungen an Geb\u00e4ude mit der EnEV 2012; Teil 2: Anforderungsmethodik, Regelwerk und Wirtschaftlichkeit\u201c; Studie f\u00fcr das Bundesamt f\u00fcr Bauwesen und Raumordnung im Rahmen von ZukunftBau in Zusammenarbeit mit dem IB Prof. Hauer, ITG Dresden, Fraunhofer Institut f\u00fcr Bauphysik<\/li>\n<li>\u201eBerechnungs-Algorithmen f\u00fcr Freie und Regenerative K\u00fchltechnologien in Nichtwohngeb\u00e4uden\u201c; Forschungsprojekt f\u00fcr das Bundesamt f\u00fcr Bauwesen und Raumordnung im Rahmen von ZukunftBau in Zusammenarbeit mit dem ILK Dresden<\/li>\n<li>\u201eProjekt Krankenhaus plus\u201c Energieeffizienzstrategien f\u00fcr Krankenh\u00e4user in Zusammenarbeit mit TU Berlin, IBUS, IB Jakobiak, gef\u00f6rdert durch das BMWA<\/li>\n<li>&#8222;Chancen und Marktpotenzial der energetischen Inspektion von Klimaanlagen&#8220;; Forschungsprojekt f\u00fcr das Bundesamt f\u00fcr Bauwesen und Raumordnung im Rahmen von ZukunftBau in Zusammenarbeit mit dem ILK Dresden<\/li>\n<li>Untersuchung der Potentiale von Klima- und L\u00fcftungstechnik als Beitrag zur Umsetzung des klimaneutralen Geb\u00e4udebestandes 2050,\u00a0Forschungsprojekt f\u00fcr das BAFA \/ BMWi in Zusammenarbeit mit Ecofys und ILK Dresden<\/li>\n<li>BfEE 21\/2017 Entwicklung und fachliche Begleitung eines Online-Tools zur Bewertung von RLT- und K\u00e4ltesystemen, BAFA in Zusammenarbeit mit dem ILK Dresden<\/li>\n<\/ul>\n<\/td>\n<\/tr>\n<tr>\n<td valign=\"top\" width=\"161\">Energetische Inspektion von Klimaanlagen<\/td>\n<td valign=\"top\" width=\"299\">\n<ul>\n<li>Deutsche Flugsicherung GmbH<\/li>\n<li>Flughafen Hamburg<\/li>\n<li>Boehringer Ingelheim<\/li>\n<li>Forschungszentrum J\u00fclich<\/li>\n<li>Fraunhofer-Institute Dresden Winterbergstra\u00dfe<\/li>\n<li>Sana-Kliniken L\u00fcbeck, Elmshorn, Remscheid, Offenbach,<\/li>\n<\/ul>\n<\/td>\n<\/tr>\n<tr>\n<td valign=\"top\" width=\"161\">Studien \/ Gutachten<\/td>\n<td valign=\"top\" width=\"299\"><\/td>\n<\/tr>\n<tr>\n<td valign=\"top\" width=\"161\">Begleitung von Architekturwettbewerben<\/td>\n<td valign=\"top\" width=\"299\">\n<ul>\n<li>Hotel am Olympiapark M\u00fcnchen (ECE, Sachverst\u00e4ndiger)<\/li>\n<li>DZNE Bonn (DZNE, Fachpreisrichter)<\/li>\n<li>Neubau Landtag Brandenburg (Sachverst\u00e4ndiger)<\/li>\n<li>Investitions- und Landesbank Brandenburg (ILB, stellv. Fachpreisrichter)<\/li>\n<li>Neubau Ministerien Henning-von Tresckow-Strasse (Land Brandenburg, Sachverst\u00e4ndiger)<\/li>\n<li>Neubau MINT-Forum (Uni Hamburg, Sachverst\u00e4ndiger)<\/li>\n<li>Unternehmenszentrale 50Hertz (50Hertz, stellv. Fachpreisrichter)<\/li>\n<li>Neubau Bundespolizeipr\u00e4sidium (Sachverst\u00e4ndiger)<\/li>\n<li>Bio-Campus im Forschungszentrum J\u00fclich<\/li>\n<li>Neubau Kinderklinik Uniklinik Essen<\/li>\n<li>Hochhaus am Alexanderplatz<\/li>\n<\/ul>\n<\/td>\n<\/tr>\n<\/tbody>\n<\/table>\n","protected":false},"excerpt":{"rendered":"<p>Neubauten Energetische Sanierungen Forschungsprojekte Projekt GOSUB: \u201eEnergetische Gesamtoptimierung der Staats- und Universit\u00e4tsbibliothek Bremen\u201c ENSAN-Projekt des BMWA; Teilkonzept 3: Demonstrationsprojekte, Machbarkeitsstudie und wissenschaftliche Projektbegleitung Projekt LABSAN: \u201eEnergetische Sanierung des Laborgeb\u00e4udes Phytosph\u00e4re im Forschungs-zentrum J\u00fclich\u201c ENSAN-Projekt des BMWA; Teilkonzept 3: Demonstrationsprojekte; Machbarkeitsstudie und wissenschaftliche Projektbegleitung Projekt SANIREV 2: \u201eEnergetische Bewertung von Geb\u00e4uden mit raumlufttechnischen Anlagen\u201c &#8211; Entwicklung [&hellip;]<\/p>\n","protected":false},"author":1,"featured_media":0,"parent":0,"menu_order":0,"comment_status":"closed","ping_status":"closed","template":"page-templates\/full-width.php","meta":{"footnotes":""},"class_list":["post-59","page","type-page","status-publish","hentry"],"_links":{"self":[{"href":"https:\/\/schiller-engineering.com\/index.php?rest_route=\/wp\/v2\/pages\/59","targetHints":{"allow":["GET"]}}],"collection":[{"href":"https:\/\/schiller-engineering.com\/index.php?rest_route=\/wp\/v2\/pages"}],"about":[{"href":"https:\/\/schiller-engineering.com\/index.php?rest_route=\/wp\/v2\/types\/page"}],"author":[{"embeddable":true,"href":"https:\/\/schiller-engineering.com\/index.php?rest_route=\/wp\/v2\/users\/1"}],"replies":[{"embeddable":true,"href":"https:\/\/schiller-engineering.com\/index.php?rest_route=%2Fwp%2Fv2%2Fcomments&post=59"}],"version-history":[{"count":7,"href":"https:\/\/schiller-engineering.com\/index.php?rest_route=\/wp\/v2\/pages\/59\/revisions"}],"predecessor-version":[{"id":224,"href":"https:\/\/schiller-engineering.com\/index.php?rest_route=\/wp\/v2\/pages\/59\/revisions\/224"}],"wp:attachment":[{"href":"https:\/\/schiller-engineering.com\/index.php?rest_route=%2Fwp%2Fv2%2Fmedia&parent=59"}],"curies":[{"name":"wp","href":"https:\/\/api.w.org\/{rel}","templated":true}]}}